{"id":119,"date":"2022-06-09T12:30:41","date_gmt":"2022-06-09T17:30:41","guid":{"rendered":"https:\/\/nixonsaavedraescritor.com\/?page_id=119"},"modified":"2022-06-11T10:53:49","modified_gmt":"2022-06-11T15:53:49","slug":"about-me","status":"publish","type":"page","link":"https:\/\/nixonsaavedraescritor.com\/?page_id=119","title":{"rendered":"About me"},"content":{"rendered":"\t\t<div data-elementor-type=\"wp-page\" data-elementor-id=\"119\" class=\"elementor elementor-119\">\n\t\t\t\t\t\t<section class=\"elementor-section elementor-top-section elementor-element elementor-element-051b8f6 elementor-section-boxed elementor-section-height-default elementor-section-height-default\" data-id=\"051b8f6\" data-element_type=\"section\" data-e-type=\"section\">\n\t\t\t\t\t\t<div class=\"elementor-container elementor-column-gap-default\">\n\t\t\t\t\t<div class=\"elementor-column elementor-col-100 elementor-top-column elementor-element elementor-element-131dff0\" data-id=\"131dff0\" data-element_type=\"column\" data-e-type=\"column\">\n\t\t\t<div class=\"elementor-widget-wrap elementor-element-populated\">\n\t\t\t\t\t\t<div class=\"elementor-element elementor-element-c3cf02e elementor-widget elementor-widget-spacer\" data-id=\"c3cf02e\" data-element_type=\"widget\" data-e-type=\"widget\" data-widget_type=\"spacer.default\">\n\t\t\t\t<div class=\"elementor-widget-container\">\n\t\t\t\t\t\t\t<div class=\"elementor-spacer\">\n\t\t\t<div class=\"elementor-spacer-inner\"><\/div>\n\t\t<\/div>\n\t\t\t\t\t\t<\/div>\n\t\t\t\t<\/div>\n\t\t\t\t\t<\/div>\n\t\t<\/div>\n\t\t\t\t\t<\/div>\n\t\t<\/section>\n\t\t\t\t<section class=\"elementor-section elementor-top-section elementor-element elementor-element-4cb7677 elementor-section-boxed elementor-section-height-default elementor-section-height-default\" data-id=\"4cb7677\" data-element_type=\"section\" data-e-type=\"section\">\n\t\t\t\t\t\t<div class=\"elementor-container elementor-column-gap-default\">\n\t\t\t\t\t<div class=\"elementor-column elementor-col-50 elementor-top-column elementor-element elementor-element-00eebf6\" data-id=\"00eebf6\" data-element_type=\"column\" data-e-type=\"column\">\n\t\t\t<div class=\"elementor-widget-wrap elementor-element-populated\">\n\t\t\t\t\t\t<div class=\"elementor-element elementor-element-61c1775 animated-slow elementor-invisible elementor-widget elementor-widget-text-editor\" data-id=\"61c1775\" data-element_type=\"widget\" data-e-type=\"widget\" data-settings=\"{&quot;_animation&quot;:&quot;fadeInLeft&quot;}\" data-widget_type=\"text-editor.default\">\n\t\t\t\t<div class=\"elementor-widget-container\">\n\t\t\t\t\t\t\t\t\t<p class=\"MsoNormal\" style=\"margin: 0cm; font-size: 12pt; font-family: Calibri, sans-serif; color: #000000; text-align: justify; line-height: 18pt; background-image: initial; background-position: initial; background-size: initial; background-repeat: initial; background-attachment: initial; background-origin: initial; background-clip: initial;\"><span style=\"font-family: Tahoma, sans-serif;\">Nixon Saavedra Vela, escritor colombiano y profesional en educaci\u00f3n. Publicado con los sellos de Higuera editores y Nygua editores \u00a0en Colombia y La rata esquizofr\u00e9nica en Per\u00fa. Ha sido ponente en las ferias del libro de Colombia y M\u00e9xico, as\u00ed como ha colaborado en diferentes emisoras culturales y revistas literarias en M\u00e9xico, Per\u00fa, Argentina y Colombia. Actualmente promueve la literatura y la lectura en Zipaquir\u00e1 Colombia, su lugar de residencia.\u00a0\u00a0\u00a0\u00a0\u00a0<\/span><\/p><p class=\"MsoNormal\" style=\"margin: 0cm; font-size: 12pt; font-family: Calibri, sans-serif; color: #000000; text-align: justify; line-height: 18pt; background-image: initial; background-position: initial; background-size: initial; background-repeat: initial; background-attachment: initial; background-origin: initial; background-clip: initial;\"><span style=\"font-family: Tahoma, sans-serif;\">\u00a0<\/span><\/p><p class=\"MsoNormal\" style=\"margin: 0cm; font-size: 12pt; font-family: Calibri, sans-serif; color: #000000; text-align: justify; line-height: 18pt; background-image: initial; background-position: initial; background-size: initial; background-repeat: initial; background-attachment: initial; background-origin: initial; background-clip: initial;\"><span lang=\"EN-US\" style=\"font-family: Tahoma, sans-serif;\">Nixon Saavedra Vela, Colombian writer and professional in education. Published under the Higuera editores imprint in Colombia and La rata esquizofr\u00e9nica in Peru. He has been a lecturer at book fairs in Colombia and Mexico, and has collaborated with different cultural radio stations and literary magazines in Mexico, Peru, Argentina and Colombia. He currently promotes literature and reading in Zipaquir\u00e1 Colombia, his place of residence.<\/span><\/p>\t\t\t\t\t\t\t\t<\/div>\n\t\t\t\t<\/div>\n\t\t\t\t\t<\/div>\n\t\t<\/div>\n\t\t\t\t<div class=\"elementor-column elementor-col-50 elementor-top-column elementor-element elementor-element-28edb4c\" data-id=\"28edb4c\" data-element_type=\"column\" data-e-type=\"column\">\n\t\t\t<div class=\"elementor-widget-wrap elementor-element-populated\">\n\t\t\t\t\t\t<div class=\"elementor-element elementor-element-c0c1316 elementor-widget elementor-widget-image\" data-id=\"c0c1316\" data-element_type=\"widget\" data-e-type=\"widget\" data-widget_type=\"image.default\">\n\t\t\t\t<div class=\"elementor-widget-container\">\n\t\t\t\t\t\t\t\t\t\t\t\t<figure class=\"wp-caption\">\n\t\t\t\t\t\t\t\t\t\t<img fetchpriority=\"high\" decoding=\"async\" width=\"300\" height=\"300\" src=\"https:\/\/nixonsaavedraescritor.com\/wp-content\/uploads\/2022\/06\/20211016_153050-300x300.png\" class=\"attachment-medium size-medium wp-image-126\" alt=\"\" srcset=\"https:\/\/nixonsaavedraescritor.com\/wp-content\/uploads\/2022\/06\/20211016_153050-300x300.png 300w, https:\/\/nixonsaavedraescritor.com\/wp-content\/uploads\/2022\/06\/20211016_153050-150x150.png 150w, https:\/\/nixonsaavedraescritor.com\/wp-content\/uploads\/2022\/06\/20211016_153050-768x768.png 768w, https:\/\/nixonsaavedraescritor.com\/wp-content\/uploads\/2022\/06\/20211016_153050-1024x1024.png 1024w, https:\/\/nixonsaavedraescritor.com\/wp-content\/uploads\/2022\/06\/20211016_153050-100x100.png 100w\" sizes=\"(max-width: 300px) 100vw, 300px\" \/>\t\t\t\t\t\t\t\t\t\t\t<figcaption class=\"widget-image-caption wp-caption-text\">\"Hacer siempre lo que a uno le gusta, y solo eso, es la forma magistral para una vida larga y feliz\" Gabo<\/figcaption>\n\t\t\t\t\t\t\t\t\t\t<\/figure>\n\t\t\t\t\t\t\t\t\t<\/div>\n\t\t\t\t<\/div>\n\t\t\t\t\t<\/div>\n\t\t<\/div>\n\t\t\t\t\t<\/div>\n\t\t<\/section>\n\t\t\t\t<section class=\"elementor-section elementor-top-section elementor-element elementor-element-3d4c87a elementor-section-boxed elementor-section-height-default elementor-section-height-default\" data-id=\"3d4c87a\" data-element_type=\"section\" data-e-type=\"section\">\n\t\t\t\t\t\t<div class=\"elementor-container elementor-column-gap-default\">\n\t\t\t\t\t<div class=\"elementor-column elementor-col-100 elementor-top-column elementor-element elementor-element-767ed91\" data-id=\"767ed91\" data-element_type=\"column\" data-e-type=\"column\">\n\t\t\t<div class=\"elementor-widget-wrap elementor-element-populated\">\n\t\t\t\t\t\t<div class=\"elementor-element elementor-element-67c0d5b elementor-widget-divider--view-line elementor-widget elementor-widget-divider\" data-id=\"67c0d5b\" data-element_type=\"widget\" data-e-type=\"widget\" data-widget_type=\"divider.default\">\n\t\t\t\t<div class=\"elementor-widget-container\">\n\t\t\t\t\t\t\t<div class=\"elementor-divider\">\n\t\t\t<span class=\"elementor-divider-separator\">\n\t\t\t\t\t\t<\/span>\n\t\t<\/div>\n\t\t\t\t\t\t<\/div>\n\t\t\t\t<\/div>\n\t\t\t\t\t<\/div>\n\t\t<\/div>\n\t\t\t\t\t<\/div>\n\t\t<\/section>\n\t\t\t\t<section class=\"elementor-section elementor-top-section elementor-element elementor-element-c7c1a8b elementor-section-boxed elementor-section-height-default elementor-section-height-default\" data-id=\"c7c1a8b\" data-element_type=\"section\" data-e-type=\"section\">\n\t\t\t\t\t\t<div class=\"elementor-container elementor-column-gap-default\">\n\t\t\t\t\t<div class=\"elementor-column elementor-col-100 elementor-top-column elementor-element elementor-element-8ca84c5\" data-id=\"8ca84c5\" data-element_type=\"column\" data-e-type=\"column\">\n\t\t\t<div class=\"elementor-widget-wrap elementor-element-populated\">\n\t\t\t\t\t\t<div class=\"elementor-element elementor-element-1e0f9d0 elementor-widget elementor-widget-spacer\" data-id=\"1e0f9d0\" data-element_type=\"widget\" data-e-type=\"widget\" data-widget_type=\"spacer.default\">\n\t\t\t\t<div class=\"elementor-widget-container\">\n\t\t\t\t\t\t\t<div class=\"elementor-spacer\">\n\t\t\t<div class=\"elementor-spacer-inner\"><\/div>\n\t\t<\/div>\n\t\t\t\t\t\t<\/div>\n\t\t\t\t<\/div>\n\t\t\t\t\t<\/div>\n\t\t<\/div>\n\t\t\t\t\t<\/div>\n\t\t<\/section>\n\t\t\t\t<section class=\"elementor-section elementor-top-section elementor-element elementor-element-2dcf5a8 elementor-section-boxed elementor-section-height-default elementor-section-height-default\" data-id=\"2dcf5a8\" data-element_type=\"section\" data-e-type=\"section\">\n\t\t\t\t\t\t<div class=\"elementor-container elementor-column-gap-default\">\n\t\t\t\t\t<div class=\"elementor-column elementor-col-100 elementor-top-column elementor-element elementor-element-c76309c\" data-id=\"c76309c\" data-element_type=\"column\" data-e-type=\"column\">\n\t\t\t<div class=\"elementor-widget-wrap elementor-element-populated\">\n\t\t\t\t\t\t<section class=\"elementor-section elementor-inner-section elementor-element elementor-element-af6c1c8 elementor-section-boxed elementor-section-height-default elementor-section-height-default\" data-id=\"af6c1c8\" data-element_type=\"section\" data-e-type=\"section\">\n\t\t\t\t\t\t<div class=\"elementor-container elementor-column-gap-default\">\n\t\t\t\t\t<div class=\"elementor-column elementor-col-50 elementor-inner-column elementor-element elementor-element-b0a3dbb\" data-id=\"b0a3dbb\" data-element_type=\"column\" data-e-type=\"column\">\n\t\t\t<div class=\"elementor-widget-wrap elementor-element-populated\">\n\t\t\t\t\t\t<div class=\"elementor-element elementor-element-fe55fa2 e-transform elementor-widget elementor-widget-image\" data-id=\"fe55fa2\" data-element_type=\"widget\" data-e-type=\"widget\" data-settings=\"{&quot;_transform_translateX_effect&quot;:{&quot;unit&quot;:&quot;px&quot;,&quot;size&quot;:0,&quot;sizes&quot;:[]},&quot;_transform_translateY_effect&quot;:{&quot;unit&quot;:&quot;px&quot;,&quot;size&quot;:10,&quot;sizes&quot;:[]},&quot;_transform_translateX_effect_tablet&quot;:{&quot;unit&quot;:&quot;px&quot;,&quot;size&quot;:&quot;&quot;,&quot;sizes&quot;:[]},&quot;_transform_translateX_effect_mobile&quot;:{&quot;unit&quot;:&quot;px&quot;,&quot;size&quot;:&quot;&quot;,&quot;sizes&quot;:[]},&quot;_transform_translateY_effect_tablet&quot;:{&quot;unit&quot;:&quot;px&quot;,&quot;size&quot;:&quot;&quot;,&quot;sizes&quot;:[]},&quot;_transform_translateY_effect_mobile&quot;:{&quot;unit&quot;:&quot;px&quot;,&quot;size&quot;:&quot;&quot;,&quot;sizes&quot;:[]}}\" data-widget_type=\"image.default\">\n\t\t\t\t<div class=\"elementor-widget-container\">\n\t\t\t\t\t\t\t\t\t\t\t\t<figure class=\"wp-caption\">\n\t\t\t\t\t\t\t\t\t\t<img decoding=\"async\" width=\"1024\" height=\"1024\" src=\"https:\/\/nixonsaavedraescritor.com\/wp-content\/uploads\/2022\/06\/smartmockups_kzlv8dyi-1024x1024.jpg\" class=\"attachment-large size-large wp-image-232\" alt=\"\" srcset=\"https:\/\/nixonsaavedraescritor.com\/wp-content\/uploads\/2022\/06\/smartmockups_kzlv8dyi-1024x1024.jpg 1024w, https:\/\/nixonsaavedraescritor.com\/wp-content\/uploads\/2022\/06\/smartmockups_kzlv8dyi-150x150.jpg 150w, https:\/\/nixonsaavedraescritor.com\/wp-content\/uploads\/2022\/06\/smartmockups_kzlv8dyi-300x300.jpg 300w, https:\/\/nixonsaavedraescritor.com\/wp-content\/uploads\/2022\/06\/smartmockups_kzlv8dyi-768x768.jpg 768w, https:\/\/nixonsaavedraescritor.com\/wp-content\/uploads\/2022\/06\/smartmockups_kzlv8dyi-100x100.jpg 100w\" sizes=\"(max-width: 1024px) 100vw, 1024px\" \/>\t\t\t\t\t\t\t\t\t\t\t<figcaption class=\"widget-image-caption wp-caption-text\"><\/figcaption>\n\t\t\t\t\t\t\t\t\t\t<\/figure>\n\t\t\t\t\t\t\t\t\t<\/div>\n\t\t\t\t<\/div>\n\t\t\t\t\t<\/div>\n\t\t<\/div>\n\t\t\t\t<div class=\"elementor-column elementor-col-50 elementor-inner-column elementor-element elementor-element-c1a28fb\" data-id=\"c1a28fb\" data-element_type=\"column\" data-e-type=\"column\">\n\t\t\t<div class=\"elementor-widget-wrap elementor-element-populated\">\n\t\t\t\t\t\t<div class=\"elementor-element elementor-element-23c926f e-transform animated-slow elementor-invisible elementor-widget elementor-widget-text-editor\" data-id=\"23c926f\" data-element_type=\"widget\" data-e-type=\"widget\" data-settings=\"{&quot;_transform_translateX_effect&quot;:{&quot;unit&quot;:&quot;px&quot;,&quot;size&quot;:0,&quot;sizes&quot;:[]},&quot;_transform_translateY_effect&quot;:{&quot;unit&quot;:&quot;px&quot;,&quot;size&quot;:40,&quot;sizes&quot;:[]},&quot;_animation&quot;:&quot;fadeInRight&quot;,&quot;_transform_translateX_effect_tablet&quot;:{&quot;unit&quot;:&quot;px&quot;,&quot;size&quot;:&quot;&quot;,&quot;sizes&quot;:[]},&quot;_transform_translateX_effect_mobile&quot;:{&quot;unit&quot;:&quot;px&quot;,&quot;size&quot;:&quot;&quot;,&quot;sizes&quot;:[]},&quot;_transform_translateY_effect_tablet&quot;:{&quot;unit&quot;:&quot;px&quot;,&quot;size&quot;:&quot;&quot;,&quot;sizes&quot;:[]},&quot;_transform_translateY_effect_mobile&quot;:{&quot;unit&quot;:&quot;px&quot;,&quot;size&quot;:&quot;&quot;,&quot;sizes&quot;:[]}}\" data-widget_type=\"text-editor.default\">\n\t\t\t\t<div class=\"elementor-widget-container\">\n\t\t\t\t\t\t\t\t\t<p class=\"MsoNormal\" style=\"margin: 0cm 0cm 10pt; line-height: 22px; font-size: 12pt; font-family: Calibri, sans-serif; color: #000000;\"><span lang=\"ES-TRAD\" style=\"font-family: Tahoma, sans-serif; color: #212121;\">\u201cZipaquir\u00e1 sal\u00edfera tierra de gente incre\u00edble que ha azuzado la semilla profesional, familiar y cultural en m\u00ed. Desde ni\u00f1o, en la primaria Rep\u00fablica Argentina del barrio el Prado, ol\u00ed los libros por primera vez con la misma querencia de mis maestros, los que con paciencia y cari\u00f1o me abrieron camino por el solitario y descarnado arte de las letras. \u00a0\u00a0<\/span><\/p>\n<p class=\"MsoNormal\" style=\"margin: 0cm 0cm 10pt; line-height: 22px; font-size: 11pt; font-family: Calibri, sans-serif; color: #000000;\"><span lang=\"ES-TRAD\" style=\"font-family: Tahoma, sans-serif; color: #212121;\">En manos ca\u00ed del gran Napole\u00f3n Ram\u00edrez, maestro de la lengua espa\u00f1ola, apasionado por la lectura y el silencio, con el que recorr\u00ed los balcones y los claretianos pasillos del claustro Luis Orjuela. De su mano llegaron historias fant\u00e1sticas, mundos y vidas que pod\u00eda vivir a voluntad; me mostr\u00f3 los libros y sus secretos.<\/span><\/p>\n<p class=\"MsoNormal\" style=\"margin: 0cm 0cm 10pt; line-height: 22px; font-size: 11pt; font-family: Calibri, sans-serif; color: #000000;\"><span lang=\"ES-TRAD\" style=\"font-family: Tahoma, sans-serif; color: #212121;\">De all\u00ed vol\u00e9 por sendas art\u00edsticas de lienzos y carbones en compa\u00f1\u00eda de Dar\u00edo Vela, vi en los bodegones, los paisajes y las acuarelas el alma del artista y su prop\u00f3sito social.<\/span><\/p>\n<p class=\"MsoNormal\" style=\"margin: 0cm 0cm 10pt; line-height: 22px; font-size: 11pt; font-family: Calibri, sans-serif; color: #000000;\"><span lang=\"ES-TRAD\" style=\"font-family: Tahoma, sans-serif; color: #212121;\">Luego, deambul\u00e9 con los fantasmas del teatro Mac Dual y Arturo Wagner, en actuaciones y comparsas que sellaron mi amor por esta tierra, su historia y lo que representa.<\/span><\/p>\n<p class=\"MsoNormal\" style=\"margin: 0cm 0cm 10pt; line-height: 22px; font-size: 11pt; font-family: Calibri, sans-serif; color: #000000;\"><span lang=\"ES-TRAD\" style=\"font-family: Tahoma, sans-serif; color: #212121;\">As\u00ed, a la edad de veinte a\u00f1os comenc\u00e9 a retratar el olor de la sal en papel tan blanco como ella, e historias propias contadas a mi hijo antes de dormir, me espolearon a parir ficci\u00f3n con la ilusi\u00f3n de hacerlas m\u00e1s reales que mi realidad. Desde entonces, contin\u00fao intent\u00e1ndolo, hasta que pueda convertir el plomo de las letras en oro, entonces descansar\u00e9\u201d.<\/span><\/p>\t\t\t\t\t\t\t\t<\/div>\n\t\t\t\t<\/div>\n\t\t\t\t\t<\/div>\n\t\t<\/div>\n\t\t\t\t\t<\/div>\n\t\t<\/section>\n\t\t\t\t\t<\/div>\n\t\t<\/div>\n\t\t\t\t\t<\/div>\n\t\t<\/section>\n\t\t\t\t<\/div>\n\t\t","protected":false},"excerpt":{"rendered":"<p>Nixon Saavedra Vela, escritor colombiano y profesional en educaci\u00f3n. Publicado con los sellos de Higuera editores y Nygua editores \u00a0en Colombia y La rata esquizofr\u00e9nica en Per\u00fa. Ha sido ponente en las ferias del libro de Colombia y M\u00e9xico, as\u00ed como ha colaborado en diferentes emisoras culturales y revistas literarias en M\u00e9xico, Per\u00fa, Argentina y [&hellip;]<\/p>\n","protected":false},"author":1,"featured_media":0,"parent":0,"menu_order":0,"comment_status":"closed","ping_status":"closed","template":"","meta":{"_eb_attr":"","jetpack_post_was_ever_published":false,"vkexunit_cta_each_option":"","footnotes":""},"class_list":["post-119","page","type-page","status-publish","hentry"],"aioseo_notices":[],"jetpack-related-posts":[{"id":524,"url":"https:\/\/nixonsaavedraescritor.com\/?page_id=524","url_meta":{"origin":119,"position":0},"title":"Contact me","author":"Escritor Colombiano","date":"junio 11, 2022","format":false,"excerpt":"Cont\u00e1ctame [wpforms id=\"525\" title=\"false\" description=\"false\"]","rel":"","context":"Entrada similar","block_context":{"text":"Entrada similar","link":""},"img":{"alt_text":"","src":"","width":0,"height":0},"classes":[]},{"id":332,"url":"https:\/\/nixonsaavedraescritor.com\/?page_id=332","url_meta":{"origin":119,"position":1},"title":"Libros","author":"Escritor Colombiano","date":"junio 10, 2022","format":false,"excerpt":"Un inmortal en la tierra de la sal Los inmortales no solo nacen, sino tambi\u00e9n se hacen. Este libro as\u00ed lo demuestra, Los alcances del amor, no por el otro, sino por las propias convicciones, nos mostrar\u00e1n a uno de los \u00edconos m\u00e1s representativos en Colombia como nunca antes lo\u2026","rel":"","context":"Entrada similar","block_context":{"text":"Entrada similar","link":""},"img":{"alt_text":"","src":"https:\/\/i0.wp.com\/nixonsaavedraescritor.com\/wp-content\/uploads\/2022\/06\/db3e2189edf2b10748a395fb157f2b8b.jpg?resize=350%2C200","width":350,"height":200,"srcset":"https:\/\/i0.wp.com\/nixonsaavedraescritor.com\/wp-content\/uploads\/2022\/06\/db3e2189edf2b10748a395fb157f2b8b.jpg?resize=350%2C200 1x, https:\/\/i0.wp.com\/nixonsaavedraescritor.com\/wp-content\/uploads\/2022\/06\/db3e2189edf2b10748a395fb157f2b8b.jpg?resize=525%2C300 1.5x, https:\/\/i0.wp.com\/nixonsaavedraescritor.com\/wp-content\/uploads\/2022\/06\/db3e2189edf2b10748a395fb157f2b8b.jpg?resize=700%2C400 2x"},"classes":[]},{"id":406,"url":"https:\/\/nixonsaavedraescritor.com\/?page_id=406","url_meta":{"origin":119,"position":2},"title":"Podcast","author":"Escritor Colombiano","date":"junio 10, 2022","format":false,"excerpt":"Disponible en Spotify, iTunes, e iVoox.\u00a0Cap\u00edtulos literarios de entre diez y quince minutos, en los que cultivamos literatura y arte en cuatro secciones: la primera est\u00e1 dedicada a la intelectualidad de las letras,\u00a0en este espacio aprendemos de estilos, conceptos e historia. La segunda secci\u00f3n est\u00e1 dedicada a rese\u00f1ar libros, m\u00fasica\u2026","rel":"","context":"Entrada similar","block_context":{"text":"Entrada similar","link":""},"img":{"alt_text":"","src":"","width":0,"height":0},"classes":[]},{"id":408,"url":"https:\/\/nixonsaavedraescritor.com\/?page_id=408","url_meta":{"origin":119,"position":3},"title":"Media","author":"Escritor Colombiano","date":"junio 10, 2022","format":false,"excerpt":"Conversatorio po\u00e9tico como homenaje al escritor chileno: Lu\u00eds Sep\u00falveda.Transmitido para el canal de TV Huaico en espa\u00f1ol e Italiano.Lanzamiento de libro: Un inmortal en la tierra de la sal, Auditorio biblioteca regional de Zipaquir\u00e1.Moderado por el escritor y editor Alejandro PromicieroIntervenci\u00f3n en los premiso Funzipa en la categor\u00eda Zipaquire\u00f1o del\u2026","rel":"","context":"Entrada similar","block_context":{"text":"Entrada similar","link":""},"img":{"alt_text":"","src":"","width":0,"height":0},"classes":[]}],"jetpack_sharing_enabled":true,"jetpack_likes_enabled":true,"_links":{"self":[{"href":"https:\/\/nixonsaavedraescritor.com\/index.php?rest_route=\/wp\/v2\/pages\/119","targetHints":{"allow":["GET"]}}],"collection":[{"href":"https:\/\/nixonsaavedraescritor.com\/index.php?rest_route=\/wp\/v2\/pages"}],"about":[{"href":"https:\/\/nixonsaavedraescritor.com\/index.php?rest_route=\/wp\/v2\/types\/page"}],"author":[{"embeddable":true,"href":"https:\/\/nixonsaavedraescritor.com\/index.php?rest_route=\/wp\/v2\/users\/1"}],"replies":[{"embeddable":true,"href":"https:\/\/nixonsaavedraescritor.com\/index.php?rest_route=%2Fwp%2Fv2%2Fcomments&post=119"}],"version-history":[{"count":253,"href":"https:\/\/nixonsaavedraescritor.com\/index.php?rest_route=\/wp\/v2\/pages\/119\/revisions"}],"predecessor-version":[{"id":616,"href":"https:\/\/nixonsaavedraescritor.com\/index.php?rest_route=\/wp\/v2\/pages\/119\/revisions\/616"}],"wp:attachment":[{"href":"https:\/\/nixonsaavedraescritor.com\/index.php?rest_route=%2Fwp%2Fv2%2Fmedia&parent=119"}],"curies":[{"name":"wp","href":"https:\/\/api.w.org\/{rel}","templated":true}]}}