{"id":524,"date":"2022-06-11T09:41:57","date_gmt":"2022-06-11T14:41:57","guid":{"rendered":"https:\/\/nixonsaavedraescritor.com\/?page_id=524"},"modified":"2022-06-11T10:39:39","modified_gmt":"2022-06-11T15:39:39","slug":"contact-me","status":"publish","type":"page","link":"https:\/\/nixonsaavedraescritor.com\/?page_id=524","title":{"rendered":"Contact me"},"content":{"rendered":"\t\t<div data-elementor-type=\"wp-page\" data-elementor-id=\"524\" class=\"elementor elementor-524\">\n\t\t\t\t\t\t<section class=\"elementor-section elementor-top-section elementor-element elementor-element-2222282 elementor-section-boxed elementor-section-height-default elementor-section-height-default\" data-id=\"2222282\" data-element_type=\"section\" data-e-type=\"section\">\n\t\t\t\t\t\t<div class=\"elementor-container elementor-column-gap-default\">\n\t\t\t\t\t<div class=\"elementor-column elementor-col-100 elementor-top-column elementor-element elementor-element-f345feb\" data-id=\"f345feb\" data-element_type=\"column\" data-e-type=\"column\">\n\t\t\t<div class=\"elementor-widget-wrap elementor-element-populated\">\n\t\t\t\t\t\t<div class=\"elementor-element elementor-element-a434fd4 elementor-widget elementor-widget-heading\" data-id=\"a434fd4\" data-element_type=\"widget\" data-e-type=\"widget\" data-widget_type=\"heading.default\">\n\t\t\t\t<div class=\"elementor-widget-container\">\n\t\t\t\t\t<h2 class=\"elementor-heading-title elementor-size-default\">Cont\u00e1ctame<\/h2>\t\t\t\t<\/div>\n\t\t\t\t<\/div>\n\t\t\t\t\t<\/div>\n\t\t<\/div>\n\t\t\t\t\t<\/div>\n\t\t<\/section>\n\t\t\t\t<section class=\"elementor-section elementor-top-section elementor-element elementor-element-37bc34e elementor-section-boxed elementor-section-height-default elementor-section-height-default\" data-id=\"37bc34e\" data-element_type=\"section\" data-e-type=\"section\">\n\t\t\t\t\t\t<div class=\"elementor-container elementor-column-gap-default\">\n\t\t\t\t\t<div class=\"elementor-column elementor-col-100 elementor-top-column elementor-element elementor-element-a89881d\" data-id=\"a89881d\" data-element_type=\"column\" data-e-type=\"column\">\n\t\t\t<div class=\"elementor-widget-wrap elementor-element-populated\">\n\t\t\t\t\t\t<div class=\"elementor-element elementor-element-e802924 elementor-widget elementor-widget-spacer\" data-id=\"e802924\" data-element_type=\"widget\" data-e-type=\"widget\" data-widget_type=\"spacer.default\">\n\t\t\t\t<div class=\"elementor-widget-container\">\n\t\t\t\t\t\t\t<div class=\"elementor-spacer\">\n\t\t\t<div class=\"elementor-spacer-inner\"><\/div>\n\t\t<\/div>\n\t\t\t\t\t\t<\/div>\n\t\t\t\t<\/div>\n\t\t\t\t\t<\/div>\n\t\t<\/div>\n\t\t\t\t\t<\/div>\n\t\t<\/section>\n\t\t\t\t<section class=\"elementor-section elementor-top-section elementor-element elementor-element-09ef65d elementor-section-boxed elementor-section-height-default elementor-section-height-default\" data-id=\"09ef65d\" data-element_type=\"section\" data-e-type=\"section\">\n\t\t\t\t\t\t<div class=\"elementor-container elementor-column-gap-default\">\n\t\t\t\t\t<div class=\"elementor-column elementor-col-50 elementor-top-column elementor-element elementor-element-4b8f4d8\" data-id=\"4b8f4d8\" data-element_type=\"column\" data-e-type=\"column\">\n\t\t\t<div class=\"elementor-widget-wrap\">\n\t\t\t\t\t\t\t<\/div>\n\t\t<\/div>\n\t\t\t\t<div class=\"elementor-column elementor-col-50 elementor-top-column elementor-element elementor-element-e2b1094\" data-id=\"e2b1094\" data-element_type=\"column\" data-e-type=\"column\">\n\t\t\t<div class=\"elementor-widget-wrap elementor-element-populated\">\n\t\t\t\t\t\t<div class=\"elementor-element elementor-element-b18093e animated-slow elementor-invisible elementor-widget elementor-widget-text-editor\" data-id=\"b18093e\" data-element_type=\"widget\" data-e-type=\"widget\" data-settings=\"{&quot;_animation&quot;:&quot;fadeIn&quot;}\" data-widget_type=\"text-editor.default\">\n\t\t\t\t<div class=\"elementor-widget-container\">\n\t\t\t\t\t\t\t\t\t<p>\n<!-- Custom Twitter Feeds by Smash Balloon -->\n<div id=\"ctf\" class=\" ctf ctf-type-usertimeline ctf-rebranded ctf-feed-1131504800  ctf-styles ctf-list ctf-regular-style ctf-fixed-height\"   data-ctfshortcode=\"[]\"   data-ctfdisablelinks=\"false\" data-ctflinktextcolor=\"#\" data-header-size=\"small\" data-feedid=\"1131504800\" data-postid=\"524\"  data-ctfintents=\"1\"  data-ctfneeded=\"5\">\n            <div id=\"ctf\" class=\"ctf\">\n            <div class=\"ctf-error\">\n                <div class=\"ctf-error-user\">\n\t\t\t\t\tTwitter feed is not available at the moment.                <\/div>\n            <\/div>\n        <\/div>\n\t\t    <div class=\"ctf-tweets\">\n   \t\t    <\/div>\n    \n<\/div>\n<\/p>\t\t\t\t\t\t\t\t<\/div>\n\t\t\t\t<\/div>\n\t\t\t\t\t<\/div>\n\t\t<\/div>\n\t\t\t\t\t<\/div>\n\t\t<\/section>\n\t\t\t\t<section class=\"elementor-section elementor-top-section elementor-element elementor-element-4e3eb34 elementor-section-boxed elementor-section-height-default elementor-section-height-default\" data-id=\"4e3eb34\" data-element_type=\"section\" data-e-type=\"section\">\n\t\t\t\t\t\t<div class=\"elementor-container elementor-column-gap-default\">\n\t\t\t\t\t<div class=\"elementor-column elementor-col-16 elementor-top-column elementor-element elementor-element-be0cbda\" data-id=\"be0cbda\" data-element_type=\"column\" data-e-type=\"column\">\n\t\t\t<div class=\"elementor-widget-wrap elementor-element-populated\">\n\t\t\t\t\t\t<div class=\"elementor-element elementor-element-c316e5c elementor-view-default elementor-invisible elementor-widget elementor-widget-icon\" data-id=\"c316e5c\" data-element_type=\"widget\" data-e-type=\"widget\" data-settings=\"{&quot;_animation&quot;:&quot;fadeInLeft&quot;}\" data-widget_type=\"icon.default\">\n\t\t\t\t<div class=\"elementor-widget-container\">\n\t\t\t\t\t\t\t<div class=\"elementor-icon-wrapper\">\n\t\t\t<a class=\"elementor-icon\" href=\"https:\/\/www.facebook.com\/Nixon-Saavedra-Vela-Escritor-Colombiano-104161691085726\">\n\t\t\t<i aria-hidden=\"true\" class=\"fab fa-facebook\"><\/i>\t\t\t<\/a>\n\t\t<\/div>\n\t\t\t\t\t\t<\/div>\n\t\t\t\t<\/div>\n\t\t\t\t\t<\/div>\n\t\t<\/div>\n\t\t\t\t<div class=\"elementor-column elementor-col-16 elementor-top-column elementor-element elementor-element-a34534a\" data-id=\"a34534a\" data-element_type=\"column\" data-e-type=\"column\">\n\t\t\t<div class=\"elementor-widget-wrap elementor-element-populated\">\n\t\t\t\t\t\t<div class=\"elementor-element elementor-element-c4855ef elementor-view-default elementor-invisible elementor-widget elementor-widget-icon\" data-id=\"c4855ef\" data-element_type=\"widget\" data-e-type=\"widget\" data-settings=\"{&quot;_animation&quot;:&quot;fadeInDown&quot;}\" data-widget_type=\"icon.default\">\n\t\t\t\t<div class=\"elementor-widget-container\">\n\t\t\t\t\t\t\t<div class=\"elementor-icon-wrapper\">\n\t\t\t<a class=\"elementor-icon\" href=\"https:\/\/twitter.com\/Nixonsaavedra\">\n\t\t\t<i aria-hidden=\"true\" class=\"fab fa-twitter\"><\/i>\t\t\t<\/a>\n\t\t<\/div>\n\t\t\t\t\t\t<\/div>\n\t\t\t\t<\/div>\n\t\t\t\t\t<\/div>\n\t\t<\/div>\n\t\t\t\t<div class=\"elementor-column elementor-col-16 elementor-top-column elementor-element elementor-element-e443cbf\" data-id=\"e443cbf\" data-element_type=\"column\" data-e-type=\"column\">\n\t\t\t<div class=\"elementor-widget-wrap elementor-element-populated\">\n\t\t\t\t\t\t<div class=\"elementor-element elementor-element-3db9b33 elementor-view-default elementor-invisible elementor-widget elementor-widget-icon\" data-id=\"3db9b33\" data-element_type=\"widget\" data-e-type=\"widget\" data-settings=\"{&quot;_animation&quot;:&quot;fadeInUp&quot;}\" data-widget_type=\"icon.default\">\n\t\t\t\t<div class=\"elementor-widget-container\">\n\t\t\t\t\t\t\t<div class=\"elementor-icon-wrapper\">\n\t\t\t<a class=\"elementor-icon\" href=\"https:\/\/www.instagram.com\/saavedra.nixon\/\">\n\t\t\t<i aria-hidden=\"true\" class=\"fab fa-instagram\"><\/i>\t\t\t<\/a>\n\t\t<\/div>\n\t\t\t\t\t\t<\/div>\n\t\t\t\t<\/div>\n\t\t\t\t\t<\/div>\n\t\t<\/div>\n\t\t\t\t<div class=\"elementor-column elementor-col-16 elementor-top-column elementor-element elementor-element-5ecc503\" data-id=\"5ecc503\" data-element_type=\"column\" data-e-type=\"column\">\n\t\t\t<div class=\"elementor-widget-wrap elementor-element-populated\">\n\t\t\t\t\t\t<div class=\"elementor-element elementor-element-21fa7a3 elementor-view-default elementor-invisible elementor-widget elementor-widget-icon\" data-id=\"21fa7a3\" data-element_type=\"widget\" data-e-type=\"widget\" data-settings=\"{&quot;_animation&quot;:&quot;fadeInDown&quot;}\" data-widget_type=\"icon.default\">\n\t\t\t\t<div class=\"elementor-widget-container\">\n\t\t\t\t\t\t\t<div class=\"elementor-icon-wrapper\">\n\t\t\t<a class=\"elementor-icon\" href=\"https:\/\/www.tiktok.com\/@nixonsaavedravela\">\n\t\t\t<i aria-hidden=\"true\" class=\"fab fa-tiktok\"><\/i>\t\t\t<\/a>\n\t\t<\/div>\n\t\t\t\t\t\t<\/div>\n\t\t\t\t<\/div>\n\t\t\t\t\t<\/div>\n\t\t<\/div>\n\t\t\t\t<div class=\"elementor-column elementor-col-16 elementor-top-column elementor-element elementor-element-993b284\" data-id=\"993b284\" data-element_type=\"column\" data-e-type=\"column\">\n\t\t\t<div class=\"elementor-widget-wrap elementor-element-populated\">\n\t\t\t\t\t\t<div class=\"elementor-element elementor-element-4a2b343 elementor-view-default elementor-invisible elementor-widget elementor-widget-icon\" data-id=\"4a2b343\" data-element_type=\"widget\" data-e-type=\"widget\" data-settings=\"{&quot;_animation&quot;:&quot;fadeInUp&quot;}\" data-widget_type=\"icon.default\">\n\t\t\t\t<div class=\"elementor-widget-container\">\n\t\t\t\t\t\t\t<div class=\"elementor-icon-wrapper\">\n\t\t\t<a class=\"elementor-icon\" href=\"https:\/\/wa.me\/message\/WFPNOZ6RCLAYK1\">\n\t\t\t<i aria-hidden=\"true\" class=\"fab fa-whatsapp\"><\/i>\t\t\t<\/a>\n\t\t<\/div>\n\t\t\t\t\t\t<\/div>\n\t\t\t\t<\/div>\n\t\t\t\t\t<\/div>\n\t\t<\/div>\n\t\t\t\t<div class=\"elementor-column elementor-col-16 elementor-top-column elementor-element elementor-element-b531f6e\" data-id=\"b531f6e\" data-element_type=\"column\" data-e-type=\"column\">\n\t\t\t<div class=\"elementor-widget-wrap elementor-element-populated\">\n\t\t\t\t\t\t<div class=\"elementor-element elementor-element-68ee228 elementor-view-default elementor-invisible elementor-widget elementor-widget-icon\" data-id=\"68ee228\" data-element_type=\"widget\" data-e-type=\"widget\" data-settings=\"{&quot;_animation&quot;:&quot;fadeInRight&quot;}\" data-widget_type=\"icon.default\">\n\t\t\t\t<div class=\"elementor-widget-container\">\n\t\t\t\t\t\t\t<div class=\"elementor-icon-wrapper\">\n\t\t\t<a class=\"elementor-icon\" href=\"https:\/\/www.linkedin.com\/in\/nixon-saavedra-vela-653b865b\/\">\n\t\t\t<i aria-hidden=\"true\" class=\"fab fa-linkedin\"><\/i>\t\t\t<\/a>\n\t\t<\/div>\n\t\t\t\t\t\t<\/div>\n\t\t\t\t<\/div>\n\t\t\t\t\t<\/div>\n\t\t<\/div>\n\t\t\t\t\t<\/div>\n\t\t<\/section>\n\t\t\t\t<\/div>\n\t\t","protected":false},"excerpt":{"rendered":"<p>Cont\u00e1ctame [wpforms id=\"525\" title=\"false\" description=\"false\"]<\/p>\n","protected":false},"author":1,"featured_media":0,"parent":0,"menu_order":0,"comment_status":"closed","ping_status":"closed","template":"","meta":{"_eb_attr":"","jetpack_post_was_ever_published":false,"sns_share_botton_hide":"","vkExUnit_sns_title":"","_vk_print_noindex":"","sitemap_hide":"","vkExUnit_sitemap":"","_veu_custom_css":"","veu_display_promotion_alert":"","_exclude_from_list_pages":"","vkexunit_cta_each_option":"","vkExUnit_childPageIndex":"","vkExUnit_pageList_ancestor":"","vkExUnit_contact_enable":"","footnotes":""},"class_list":["post-524","page","type-page","status-publish","hentry"],"aioseo_notices":[],"veu_head_title_object":{"title":"","add_site_title":""},"jetpack-related-posts":[{"id":332,"url":"https:\/\/nixonsaavedraescritor.com\/?page_id=332","url_meta":{"origin":524,"position":0},"title":"Libros","author":"Escritor Colombiano","date":"junio 10, 2022","format":false,"excerpt":"Un inmortal en la tierra de la sal Los inmortales no solo nacen, sino tambi\u00e9n se hacen. Este libro as\u00ed lo demuestra, Los alcances del amor, no por el otro, sino por las propias convicciones, nos mostrar\u00e1n a uno de los \u00edconos m\u00e1s representativos en Colombia como nunca antes lo\u2026","rel":"","context":"Entrada similar","block_context":{"text":"Entrada similar","link":""},"img":{"alt_text":"","src":"https:\/\/i0.wp.com\/nixonsaavedraescritor.com\/wp-content\/uploads\/2022\/06\/db3e2189edf2b10748a395fb157f2b8b.jpg?resize=350%2C200","width":350,"height":200,"srcset":"https:\/\/i0.wp.com\/nixonsaavedraescritor.com\/wp-content\/uploads\/2022\/06\/db3e2189edf2b10748a395fb157f2b8b.jpg?resize=350%2C200 1x, https:\/\/i0.wp.com\/nixonsaavedraescritor.com\/wp-content\/uploads\/2022\/06\/db3e2189edf2b10748a395fb157f2b8b.jpg?resize=525%2C300 1.5x, https:\/\/i0.wp.com\/nixonsaavedraescritor.com\/wp-content\/uploads\/2022\/06\/db3e2189edf2b10748a395fb157f2b8b.jpg?resize=700%2C400 2x"},"classes":[]},{"id":119,"url":"https:\/\/nixonsaavedraescritor.com\/?page_id=119","url_meta":{"origin":524,"position":1},"title":"About me","author":"Escritor Colombiano","date":"junio 9, 2022","format":false,"excerpt":"Nixon Saavedra Vela, escritor colombiano y profesional en educaci\u00f3n. Publicado con los sellos de Higuera editores y Nygua editores \u00a0en Colombia y La rata esquizofr\u00e9nica en Per\u00fa. Ha sido ponente en las ferias del libro de Colombia y M\u00e9xico, as\u00ed como ha colaborado en diferentes emisoras culturales y revistas literarias\u2026","rel":"","context":"Entrada similar","block_context":{"text":"Entrada similar","link":""},"img":{"alt_text":"","src":"https:\/\/i0.wp.com\/nixonsaavedraescritor.com\/wp-content\/uploads\/2022\/06\/20211016_153050-300x300.png?resize=350%2C200","width":350,"height":200},"classes":[]},{"id":406,"url":"https:\/\/nixonsaavedraescritor.com\/?page_id=406","url_meta":{"origin":524,"position":2},"title":"Podcast","author":"Escritor Colombiano","date":"junio 10, 2022","format":false,"excerpt":"Disponible en Spotify, iTunes, e iVoox.\u00a0Cap\u00edtulos literarios de entre diez y quince minutos, en los que cultivamos literatura y arte en cuatro secciones: la primera est\u00e1 dedicada a la intelectualidad de las letras,\u00a0en este espacio aprendemos de estilos, conceptos e historia. La segunda secci\u00f3n est\u00e1 dedicada a rese\u00f1ar libros, m\u00fasica\u2026","rel":"","context":"Entrada similar","block_context":{"text":"Entrada similar","link":""},"img":{"alt_text":"","src":"","width":0,"height":0},"classes":[]}],"jetpack_sharing_enabled":true,"jetpack_likes_enabled":true,"_links":{"self":[{"href":"https:\/\/nixonsaavedraescritor.com\/index.php?rest_route=\/wp\/v2\/pages\/524","targetHints":{"allow":["GET"]}}],"collection":[{"href":"https:\/\/nixonsaavedraescritor.com\/index.php?rest_route=\/wp\/v2\/pages"}],"about":[{"href":"https:\/\/nixonsaavedraescritor.com\/index.php?rest_route=\/wp\/v2\/types\/page"}],"author":[{"embeddable":true,"href":"https:\/\/nixonsaavedraescritor.com\/index.php?rest_route=\/wp\/v2\/users\/1"}],"replies":[{"embeddable":true,"href":"https:\/\/nixonsaavedraescritor.com\/index.php?rest_route=%2Fwp%2Fv2%2Fcomments&post=524"}],"version-history":[{"count":55,"href":"https:\/\/nixonsaavedraescritor.com\/index.php?rest_route=\/wp\/v2\/pages\/524\/revisions"}],"predecessor-version":[{"id":604,"href":"https:\/\/nixonsaavedraescritor.com\/index.php?rest_route=\/wp\/v2\/pages\/524\/revisions\/604"}],"wp:attachment":[{"href":"https:\/\/nixonsaavedraescritor.com\/index.php?rest_route=%2Fwp%2Fv2%2Fmedia&parent=524"}],"curies":[{"name":"wp","href":"https:\/\/api.w.org\/{rel}","templated":true}]}}