{"id":1464,"date":"2024-06-11T21:14:26","date_gmt":"2024-06-12T02:14:26","guid":{"rendered":"https:\/\/nixonsaavedraescritor.com\/?post_type=product&#038;p=1464"},"modified":"2024-06-11T21:17:40","modified_gmt":"2024-06-12T02:17:40","slug":"mask","status":"publish","type":"product","link":"https:\/\/nixonsaavedraescritor.com\/?product=mask","title":{"rendered":"Mask"},"content":{"rendered":"<p id=\"tw-target-text\" class=\"tw-data-text tw-text-large tw-ta\" dir=\"ltr\" data-placeholder=\"Traducci\u00f3n\" aria-label=\"Texto traducido\" data-ved=\"2ahUKEwiYh6GA_tSGAxUfgYQIHfTIBn4Q3ewLegQIDBAU\"><span class=\"Y2IQFc\" lang=\"en\">How would you act if those you love discovered your most shameless secrets? How can you see their faces after failing them so much? Luisa will understand the hard way that; Playing with fire not only burns but consumes everything that has been fought for. Discover the price of lies and the consequences in the life of a young woman, who disguised her immorality as good intentions. <\/span><\/p>\n<ul>\n<li class=\"tw-data-text tw-text-large tw-ta\" dir=\"ltr\" data-placeholder=\"Traducci\u00f3n\" aria-label=\"Texto traducido\" data-ved=\"2ahUKEwiYh6GA_tSGAxUfgYQIHfTIBn4Q3ewLegQIDBAU\"><span class=\"Y2IQFc\" lang=\"en\">Book edited by Higuera editors. <\/span><\/li>\n<li class=\"tw-data-text tw-text-large tw-ta\" dir=\"ltr\" data-placeholder=\"Traducci\u00f3n\" aria-label=\"Texto traducido\" data-ved=\"2ahUKEwiYh6GA_tSGAxUfgYQIHfTIBn4Q3ewLegQIDBAU\"><span class=\"Y2IQFc\" lang=\"en\">Printed in Bogot\u00e1 Colombia <\/span><\/li>\n<li class=\"tw-data-text tw-text-large tw-ta\" dir=\"ltr\" data-placeholder=\"Traducci\u00f3n\" aria-label=\"Texto traducido\" data-ved=\"2ahUKEwiYh6GA_tSGAxUfgYQIHfTIBn4Q3ewLegQIDBAU\"><span class=\"Y2IQFc\" lang=\"en\">White bond paper (145 pages) <\/span><\/li>\n<li class=\"tw-data-text tw-text-large tw-ta\" dir=\"ltr\" data-placeholder=\"Traducci\u00f3n\" aria-label=\"Texto traducido\" data-ved=\"2ahUKEwiYh6GA_tSGAxUfgYQIHfTIBn4Q3ewLegQIDBAU\"><span class=\"Y2IQFc\" lang=\"en\">Shipping all over the country <\/span><\/li>\n<li class=\"tw-data-text tw-text-large tw-ta\" dir=\"ltr\" data-placeholder=\"Traducci\u00f3n\" aria-label=\"Texto traducido\" data-ved=\"2ahUKEwiYh6GA_tSGAxUfgYQIHfTIBn4Q3ewLegQIDBAU\"><span class=\"Y2IQFc\" lang=\"en\">Separator included<\/span><\/li>\n<\/ul>\n","protected":false},"excerpt":{"rendered":"<p>How would you act if those you love discovered your most shameless secrets? How can you see their faces after failing them so much? Luisa will understand the hard way that; Playing with fire not only burns but consumes everything that has been fought for. Discover the price of lies and the consequences in the [&hellip;]<\/p>\n","protected":false},"featured_media":1465,"comment_status":"open","ping_status":"closed","template":"","meta":{"_eb_attr":"","jetpack_post_was_ever_published":false,"vkexunit_cta_each_option":"","jetpack_publicize_message":"","jetpack_publicize_feature_enabled":true,"jetpack_social_post_already_shared":true,"jetpack_social_options":{"image_generator_settings":{"template":"highway","default_image_id":0,"font":"","enabled":false},"version":2}},"product_brand":[],"product_cat":[37,39],"product_tag":[51],"class_list":{"0":"post-1464","1":"product","2":"type-product","3":"status-publish","4":"has-post-thumbnail","6":"product_cat-ingles","7":"product_cat-libros","8":"product_tag-books","10":"first","11":"instock","12":"shipping-taxable","13":"purchasable","14":"product-type-simple"},"aioseo_notices":[],"jetpack_publicize_connections":[],"jetpack-related-posts":[{"id":1469,"url":"https:\/\/nixonsaavedraescritor.com\/?product=curso-teorico-practico-de-ingles-a2-certificado","url_meta":{"origin":1464,"position":0},"title":"Curso teorico-pr\u00e1ctico de ingl\u00e9s A2 CERTIFICADO","author":"Escritor Colombiano","date":"junio 17, 2024","format":false,"excerpt":"\u00a1Bienvenido al curso de nivelaci\u00f3n de ingl\u00e9s que impulsar\u00e1 tus habilidades y te preparar\u00e1 para nuevas oportunidades! Si ya tienes un nivel A2 y deseas mejorar tu ingl\u00e9s de manera r\u00e1pida y efectiva, este curso de 40 horas est\u00e1 dise\u00f1ado especialmente para ti. \u00a1Prep\u00e1rate para una experiencia de aprendizaje din\u00e1mica\u2026","rel":"","context":"Entrada similar","block_context":{"text":"Entrada similar","link":""},"img":{"alt_text":"","src":"https:\/\/i0.wp.com\/nixonsaavedraescritor.com\/wp-content\/uploads\/2024\/06\/Default_A_vibrant_illustration_of_a_young_adult_student_surrou_3.jpg?resize=350%2C200&ssl=1","width":350,"height":200,"srcset":"https:\/\/i0.wp.com\/nixonsaavedraescritor.com\/wp-content\/uploads\/2024\/06\/Default_A_vibrant_illustration_of_a_young_adult_student_surrou_3.jpg?resize=350%2C200&ssl=1 1x, https:\/\/i0.wp.com\/nixonsaavedraescritor.com\/wp-content\/uploads\/2024\/06\/Default_A_vibrant_illustration_of_a_young_adult_student_surrou_3.jpg?resize=525%2C300&ssl=1 1.5x, https:\/\/i0.wp.com\/nixonsaavedraescritor.com\/wp-content\/uploads\/2024\/06\/Default_A_vibrant_illustration_of_a_young_adult_student_surrou_3.jpg?resize=700%2C400&ssl=1 2x, https:\/\/i0.wp.com\/nixonsaavedraescritor.com\/wp-content\/uploads\/2024\/06\/Default_A_vibrant_illustration_of_a_young_adult_student_surrou_3.jpg?resize=1050%2C600&ssl=1 3x"},"classes":[]}],"jetpack_sharing_enabled":true,"jetpack_likes_enabled":true,"_links":{"self":[{"href":"https:\/\/nixonsaavedraescritor.com\/index.php?rest_route=\/wp\/v2\/product\/1464","targetHints":{"allow":["GET"]}}],"collection":[{"href":"https:\/\/nixonsaavedraescritor.com\/index.php?rest_route=\/wp\/v2\/product"}],"about":[{"href":"https:\/\/nixonsaavedraescritor.com\/index.php?rest_route=\/wp\/v2\/types\/product"}],"replies":[{"embeddable":true,"href":"https:\/\/nixonsaavedraescritor.com\/index.php?rest_route=%2Fwp%2Fv2%2Fcomments&post=1464"}],"wp:featuredmedia":[{"embeddable":true,"href":"https:\/\/nixonsaavedraescritor.com\/index.php?rest_route=\/wp\/v2\/media\/1465"}],"wp:attachment":[{"href":"https:\/\/nixonsaavedraescritor.com\/index.php?rest_route=%2Fwp%2Fv2%2Fmedia&parent=1464"}],"wp:term":[{"taxonomy":"product_brand","embeddable":true,"href":"https:\/\/nixonsaavedraescritor.com\/index.php?rest_route=%2Fwp%2Fv2%2Fproduct_brand&post=1464"},{"taxonomy":"product_cat","embeddable":true,"href":"https:\/\/nixonsaavedraescritor.com\/index.php?rest_route=%2Fwp%2Fv2%2Fproduct_cat&post=1464"},{"taxonomy":"product_tag","embeddable":true,"href":"https:\/\/nixonsaavedraescritor.com\/index.php?rest_route=%2Fwp%2Fv2%2Fproduct_tag&post=1464"}],"curies":[{"name":"wp","href":"https:\/\/api.w.org\/{rel}","templated":true}]}}