{"id":333,"date":"2022-06-10T08:50:36","date_gmt":"2022-06-10T13:50:36","guid":{"rendered":"https:\/\/nixonsaavedraescritor.com\/?post_type=product&#038;p=333"},"modified":"2024-06-11T21:07:25","modified_gmt":"2024-06-12T02:07:25","slug":"libro-mascaras","status":"publish","type":"product","link":"https:\/\/nixonsaavedraescritor.com\/?product=libro-mascaras","title":{"rendered":"Libro M\u00e1scaras"},"content":{"rendered":"<p>\u00bfC\u00f3mo actuar\u00edas si los que amas descubrieran tus m\u00e1s descarados secretos? \u00bfC\u00f3mo verlos a la cara despu\u00e9s de fallarles tanto? Luisa entender\u00e1 por las malas que; jugar con candela no solo quema, sino que consume todo por lo que se ha luchado. Descubre el precio de las mentiras y las consecuencias en la vida de una joven, que disfraz\u00f3 de buenas intenciones su inmoralidad.<\/p>\n<ul>\n<li style=\"list-style-type: none;\">\n<ul>\n<li>Libro editado por Higuera editores.<\/li>\n<li>impreso en Bogot\u00e1 Colombia<\/li>\n<li>Papel bond blanco (145 p\u00e1ginas)<\/li>\n<li>Env\u00edos a todo el pa\u00eds<\/li>\n<li>Separador incluido<\/li>\n<\/ul>\n<\/li>\n<\/ul>\n<p><iframe title=\"YouTube video player\" src=\"https:\/\/www.youtube.com\/embed\/k0-Uo1Jz9u0\" width=\"560\" height=\"315\" frameborder=\"0\" allowfullscreen=\"allowfullscreen\"><\/iframe><\/p>\n<p>&nbsp;<\/p>\n","protected":false},"excerpt":{"rendered":"<p>\u00bfC\u00f3mo actuar\u00edas si los que amas descubrieran tus m\u00e1s descarados secretos? \u00bfC\u00f3mo verlos a la cara despu\u00e9s de fallarles tanto? Luisa entender\u00e1 por las malas que; jugar con candela no solo quema, sino que consume todo por lo que se ha luchado. Descubre el precio de las mentiras y las consecuencias en la vida de una joven, que disfraz\u00f3 de buenas intenciones su inmoralidad.<\/p>\n<ul>\n<li style=\"list-style-type: none;\">\n<ul>\n<li>Libro editado por Higuera editores.<\/li>\n<li>impreso en Bogot\u00e1 Colombia<\/li>\n<li>Papel bond blanco (140 p\u00e1ginas)<\/li>\n<li>Env\u00edos a todo el pa\u00eds<\/li>\n<li>Separador incluido<\/li>\n<\/ul>\n<\/li>\n<\/ul>\n","protected":false},"featured_media":1462,"comment_status":"open","ping_status":"closed","template":"","meta":{"_eb_attr":"","jetpack_post_was_ever_published":false,"vkexunit_cta_each_option":"","jetpack_publicize_message":"","jetpack_publicize_feature_enabled":true,"jetpack_social_post_already_shared":false,"jetpack_social_options":{"image_generator_settings":{"template":"highway","default_image_id":0,"font":"","enabled":false},"version":2}},"product_brand":[],"product_cat":[39],"product_tag":[36],"class_list":{"0":"post-333","1":"product","2":"type-product","3":"status-publish","4":"has-post-thumbnail","6":"product_cat-libros","7":"product_tag-libros","9":"first","10":"instock","11":"shipping-taxable","12":"purchasable","13":"product-type-simple"},"aioseo_notices":[],"jetpack_publicize_connections":[],"jetpack-related-posts":[{"id":1464,"url":"https:\/\/nixonsaavedraescritor.com\/?product=mask","url_meta":{"origin":333,"position":0},"title":"Mask","author":"Escritor Colombiano","date":"junio 11, 2024","format":false,"excerpt":"How would you act if those you love discovered your most shameless secrets? How can you see their faces after failing them so much? Luisa will understand the hard way that; Playing with fire not only burns but consumes everything that has been fought for. Discover the price of lies\u2026","rel":"","context":"Entrada similar","block_context":{"text":"Entrada similar","link":""},"img":{"alt_text":"","src":"https:\/\/i0.wp.com\/nixonsaavedraescritor.com\/wp-content\/uploads\/2024\/06\/smartmockups_lx66qdmc-removebg-preview.png?resize=350%2C200&ssl=1","width":350,"height":200,"srcset":"https:\/\/i0.wp.com\/nixonsaavedraescritor.com\/wp-content\/uploads\/2024\/06\/smartmockups_lx66qdmc-removebg-preview.png?resize=350%2C200&ssl=1 1x, https:\/\/i0.wp.com\/nixonsaavedraescritor.com\/wp-content\/uploads\/2024\/06\/smartmockups_lx66qdmc-removebg-preview.png?resize=525%2C300&ssl=1 1.5x"},"classes":[]},{"id":337,"url":"https:\/\/nixonsaavedraescritor.com\/?product=programa-de-ingles-b1-b2","url_meta":{"origin":333,"position":1},"title":"\u00a1Programa de Ingl\u00e9s! Garantizado B1\/B2","author":"Escritor Colombiano","date":"junio 10, 2022","format":false,"excerpt":"Aprenda ingles desde la comodidad de su casa en 6 meses, metodolog\u00eda experiencial din\u00e1mica, practica y nada aburrida. Sin carga de tareas ni m\u00e9todos convencionales. 100% conversacional, 100% pr\u00e1ctico y 100% efectivo. Amplia disponibilidad de horario. La primera clase es completamente gratis, si la metodolog\u00eda no se ajusta a sus\u2026","rel":"","context":"Entrada similar","block_context":{"text":"Entrada similar","link":""},"img":{"alt_text":"","src":"https:\/\/i0.wp.com\/nixonsaavedraescritor.com\/wp-content\/uploads\/2022\/06\/English-Program-1.png?resize=350%2C200&ssl=1","width":350,"height":200,"srcset":"https:\/\/i0.wp.com\/nixonsaavedraescritor.com\/wp-content\/uploads\/2022\/06\/English-Program-1.png?resize=350%2C200&ssl=1 1x, https:\/\/i0.wp.com\/nixonsaavedraescritor.com\/wp-content\/uploads\/2022\/06\/English-Program-1.png?resize=525%2C300&ssl=1 1.5x, https:\/\/i0.wp.com\/nixonsaavedraescritor.com\/wp-content\/uploads\/2022\/06\/English-Program-1.png?resize=700%2C400&ssl=1 2x, https:\/\/i0.wp.com\/nixonsaavedraescritor.com\/wp-content\/uploads\/2022\/06\/English-Program-1.png?resize=1050%2C600&ssl=1 3x"},"classes":[]}],"jetpack_sharing_enabled":true,"jetpack_likes_enabled":true,"_links":{"self":[{"href":"https:\/\/nixonsaavedraescritor.com\/index.php?rest_route=\/wp\/v2\/product\/333","targetHints":{"allow":["GET"]}}],"collection":[{"href":"https:\/\/nixonsaavedraescritor.com\/index.php?rest_route=\/wp\/v2\/product"}],"about":[{"href":"https:\/\/nixonsaavedraescritor.com\/index.php?rest_route=\/wp\/v2\/types\/product"}],"replies":[{"embeddable":true,"href":"https:\/\/nixonsaavedraescritor.com\/index.php?rest_route=%2Fwp%2Fv2%2Fcomments&post=333"}],"wp:featuredmedia":[{"embeddable":true,"href":"https:\/\/nixonsaavedraescritor.com\/index.php?rest_route=\/wp\/v2\/media\/1462"}],"wp:attachment":[{"href":"https:\/\/nixonsaavedraescritor.com\/index.php?rest_route=%2Fwp%2Fv2%2Fmedia&parent=333"}],"wp:term":[{"taxonomy":"product_brand","embeddable":true,"href":"https:\/\/nixonsaavedraescritor.com\/index.php?rest_route=%2Fwp%2Fv2%2Fproduct_brand&post=333"},{"taxonomy":"product_cat","embeddable":true,"href":"https:\/\/nixonsaavedraescritor.com\/index.php?rest_route=%2Fwp%2Fv2%2Fproduct_cat&post=333"},{"taxonomy":"product_tag","embeddable":true,"href":"https:\/\/nixonsaavedraescritor.com\/index.php?rest_route=%2Fwp%2Fv2%2Fproduct_tag&post=333"}],"curies":[{"name":"wp","href":"https:\/\/api.w.org\/{rel}","templated":true}]}}