{"id":339,"date":"2022-06-10T12:32:40","date_gmt":"2022-06-10T17:32:40","guid":{"rendered":"https:\/\/nixonsaavedraescritor.com\/?post_type=product&#038;p=339"},"modified":"2024-06-18T11:20:06","modified_gmt":"2024-06-18T16:20:06","slug":"programa-de-ingles-avanzado-b2-c1","status":"publish","type":"product","link":"https:\/\/nixonsaavedraescritor.com\/?product=programa-de-ingles-avanzado-b2-c1","title":{"rendered":"\u00a1Programa de ingl\u00e9s avanzado! B2-C1"},"content":{"rendered":"<h1 style=\"text-align: center;\"><span style=\"color: #800000;\">Resumen del Programa<\/span><\/h1>\n<p>Mejore su fluidez en ingl\u00e9s, o profesionalice su carrera en tan solo en 4 meses, metodolog\u00eda experiencial din\u00e1mica, practica y nada aburrida. Sin carga de tareas ni m\u00e9todos convencionales. 100% conversacional, 100% pr\u00e1ctico y 100% efectivo. Amplia disponibilidad de horario.<\/p>\n<ul>\n<li>Personalizado (1-3 candidatos)<\/li>\n<li>NO requiere material extra (libros, software, dictionaries etc) Todo lo suministra el facilitador<\/li>\n<li>Enf\u00f3que pedag\u00f3gico experiencial, EPC, Evidencias de pensamiento<\/li>\n<li>Preciso para toda persona con esperiencia en ingl\u00e9s, desde el nivel B1, B1+<\/li>\n<li>Garantizado hasta los niveles B2-C1<\/li>\n<li>Preparaci\u00f3n para ex\u00e1menes internacionales (Cambirdge, IELTS, TOEFL, MET, CAE)<\/li>\n<li>Pago del 100% con descuento, o todas las facilidades de pago.<\/li>\n<\/ul>\n<h1 style=\"text-align: center;\"><span style=\"color: #800000;\">Detalles del programa<\/span><\/h1>\n<p style=\"text-align: center;\"><img fetchpriority=\"high\" decoding=\"async\" class=\"alignnone wp-image-1472\" src=\"http:\/\/nixonsaavedraescritor.com\/wp-content\/uploads\/2022\/06\/English-Program-2-300x300.png\" alt=\"\" width=\"658\" height=\"658\" srcset=\"https:\/\/nixonsaavedraescritor.com\/wp-content\/uploads\/2022\/06\/English-Program-2-300x300.png 300w, https:\/\/nixonsaavedraescritor.com\/wp-content\/uploads\/2022\/06\/English-Program-2-1024x1024.png 1024w, https:\/\/nixonsaavedraescritor.com\/wp-content\/uploads\/2022\/06\/English-Program-2-150x150.png 150w, https:\/\/nixonsaavedraescritor.com\/wp-content\/uploads\/2022\/06\/English-Program-2-768x768.png 768w, https:\/\/nixonsaavedraescritor.com\/wp-content\/uploads\/2022\/06\/English-Program-2-600x600.png 600w, https:\/\/nixonsaavedraescritor.com\/wp-content\/uploads\/2022\/06\/English-Program-2-100x100.png 100w, https:\/\/nixonsaavedraescritor.com\/wp-content\/uploads\/2022\/06\/English-Program-2.png 1120w\" sizes=\"(max-width: 658px) 100vw, 658px\" \/><\/p>\n<p>\u00a1Bienvenido al curso de ingl\u00e9s que revolucionar\u00e1 tu carrera profesional! Si ya tienes una base en ingl\u00e9s y est\u00e1s listo para llevar tus habilidades al siguiente nivel, este es el curso perfecto para ti. En solo seis meses, te ayudaremos a pasar del nivel B1 al nivel C1, seg\u00fan el Marco Com\u00fan Europeo de Referencia para las Lenguas (MCER). Prep\u00e1rate para dominar el ingl\u00e9s con confianza y fluidez profesional.<\/p>\n<h3><span style=\"color: #ff9900;\">Objetivos del Curso<\/span><\/h3>\n<p>Nuestro objetivo es transformar tu ingl\u00e9s intermedio en un nivel avanzado, permiti\u00e9ndote comunicarte con precisi\u00f3n y eficacia en contextos profesionales y acad\u00e9micos. Aqu\u00ed tienes una visi\u00f3n clara de los niveles que alcanzar\u00e1s:<\/p>\n<ul>\n<li><strong>Nivel B1<\/strong>: Comprendes los puntos principales de textos claros sobre temas conocidos y puedes manejar la mayor\u00eda de situaciones que pueden surgir mientras viajas.<\/li>\n<li><strong>Nivel B2<\/strong>: Comprendes las ideas principales de textos complejos y puedes interactuar con fluidez y espontaneidad con hablantes nativos sin mucho esfuerzo.<\/li>\n<li><strong>Nivel C1<\/strong>: Comprendes una amplia gama de textos largos y exigentes, y te expresas de manera fluida y espont\u00e1nea, mostrando un uso flexible y efectivo del idioma para fines sociales, acad\u00e9micos y profesionales.<\/li>\n<\/ul>\n<h3><span style=\"color: #ff9900;\">Metodolog\u00edas de Ense\u00f1anza<\/span><\/h3>\n<p>Hemos dise\u00f1ado el curso utilizando tres metodolog\u00edas innovadoras para garantizar un aprendizaje profundo y significativo:<\/p>\n<ol>\n<li><strong>Ense\u00f1anza para la Comprensi\u00f3n<\/strong>: Nos enfocamos en que realmente comprendas y apliques lo que aprendes, facilitando el uso pr\u00e1ctico y significativo del ingl\u00e9s.<\/li>\n<li><strong>Hacer Visible el Pensamiento<\/strong>: Fomentamos el pensamiento cr\u00edtico y la reflexi\u00f3n, ayud\u00e1ndote a analizar y comprender mejor tus decisiones ling\u00fc\u00edsticas.<\/li>\n<li><strong>Aprendizaje Basado en Proyectos (ABP)<\/strong>: Trabajar\u00e1s en proyectos reales y significativos que te permitir\u00e1n aplicar el ingl\u00e9s en contextos aut\u00e9nticos y profesionales.<\/li>\n<\/ol>\n<h3><span style=\"color: #ff9900;\">Plan del Curso por Meses<\/span><\/h3>\n<h4><span style=\"color: #800000;\">Mes 1: Consolidaci\u00f3n del Nivel B1<\/span><\/h4>\n<ul>\n<li><strong>Temas Clave<\/strong>: Revisi\u00f3n de fundamentos, comunicaci\u00f3n en el trabajo, reuniones y presentaciones.<\/li>\n<li><strong>Objetivos<\/strong>: Fortalecer las bases del nivel B1, enfoc\u00e1ndonos en situaciones profesionales y mejorando la precisi\u00f3n y fluidez.<\/li>\n<\/ul>\n<h4><span style=\"color: #800000;\">Mes 2: Desarrollo de Competencias Intermedias<\/span><\/h4>\n<ul>\n<li><strong>Temas Clave<\/strong>: Redacci\u00f3n de informes, correos electr\u00f3nicos profesionales, negociaci\u00f3n y resoluci\u00f3n de conflictos.<\/li>\n<li><strong>Objetivos<\/strong>: Ampliar el vocabulario y las estructuras gramaticales, mejorando la capacidad de escribir y hablar en contextos de negocios.<\/li>\n<\/ul>\n<h4><span style=\"color: #800000;\">Mes 3: Hacia la Fluidez y la Precisi\u00f3n<\/span><\/h4>\n<ul>\n<li><strong>Temas Clave<\/strong>: Comunicaci\u00f3n intercultural, gesti\u00f3n de proyectos, liderazgo y trabajo en equipo.<\/li>\n<li><strong>Objetivos<\/strong>: Desarrollar la capacidad de interactuar en contextos multiculturales, fortaleciendo habilidades de liderazgo y colaboraci\u00f3n.<\/li>\n<\/ul>\n<h4><span style=\"color: #800000;\">Mes 4: Estrategias Avanzadas de Comunicaci\u00f3n<\/span><\/h4>\n<ul>\n<li><strong>Temas Clave<\/strong>: Presentaciones avanzadas, discursos persuasivos, an\u00e1lisis cr\u00edtico de textos.<\/li>\n<li><strong>Objetivos<\/strong>: Mejorar la habilidad para dar presentaciones impactantes y discursos persuasivos, y analizar textos complejos de manera cr\u00edtica.<\/li>\n<\/ul>\n<h4><span style=\"color: #800000;\">Mes 5: Perfeccionamiento del Ingl\u00e9s Profesional<\/span><\/h4>\n<ul>\n<li><strong>Temas Clave<\/strong>: Investigaci\u00f3n y redacci\u00f3n acad\u00e9mica, preparaci\u00f3n para entrevistas, creaci\u00f3n de perfiles profesionales.<\/li>\n<li><strong>Objetivos<\/strong>: Desarrollar habilidades para la investigaci\u00f3n y redacci\u00f3n en ingl\u00e9s, y prepararse para entrevistas y la creaci\u00f3n de un perfil profesional impresionante.<\/li>\n<\/ul>\n<h4><span style=\"color: #800000;\">Mes 6: Dominio del Nivel C1<\/span><\/h4>\n<ul>\n<li><strong>Temas Clave<\/strong>: Innovaci\u00f3n y creatividad, tendencias globales, proyectos finales.<\/li>\n<li><strong>Objetivos<\/strong>: Consolidar el nivel C1 con un enfoque en la innovaci\u00f3n y creatividad, culminando en un proyecto final que demuestre todas las habilidades adquiridas.<\/li>\n<\/ul>\n<h3><span style=\"color: #ff6600;\">\u00a1Impulsa tu Carrera con Ingl\u00e9s Avanzado!<\/span><\/h3>\n<p>Este curso est\u00e1 dise\u00f1ado para aquellos que buscan profesionalizar su ingl\u00e9s y abrir nuevas puertas en el mundo laboral y acad\u00e9mico. Con nuestras metodolog\u00edas innovadoras, alcanzar\u00e1s un nivel de ingl\u00e9s avanzado, capaz de enfrentar cualquier desaf\u00edo profesional. \u00a1Es hora de destacar y llevar tu carrera al siguiente nivel!<\/p>\n<p>\u00bfEst\u00e1s listo para transformar tu futuro? \u00a1Vamos juntos a conquistar el ingl\u00e9s avanzado!<\/p>\n<h4><span style=\"color: #ff6600;\">Para consejos GR\u00c1TIS. Sigueme en las redes<\/span>: <a href=\"https:\/\/www.facebook.com\/nixon.saavedra.vela\/\">Facebook<\/a>. <a href=\"https:\/\/www.instagram.com\/nixon_saavedra_vela\/\">Instagram<\/a>. <a href=\"https:\/\/x.com\/Nixonsaavedra\">X<\/a>, <a href=\"https:\/\/www.tiktok.com\/@nixonsaavedravela\">TikTok<\/a>, <a href=\"https:\/\/www.linkedin.com\/in\/nixon-saavedra-vela-653b865b\/\">LinkedIn<\/a><\/h4>\n","protected":false},"excerpt":{"rendered":"<p>Mejore su fluidez en ingl\u00e9s, o profesionalice su carrera en tan solo en 4 meses, metodolog\u00eda experiencial din\u00e1mica, practica y nada aburrida. Sin carga de tareas ni m\u00e9todos convencionales. 100% conversacional, 100% pr\u00e1ctico y 100% efectivo. Amplia disponibilidad de horarios.<\/p>\n<p>La primera clase es completamente gratis, si la metodolog\u00eda no se ajusta a sus expectativas, no tendr\u00e1 ning\u00fan compromiso, en cambio habr\u00e1 recibido algunas buenas pautas y concejos que le ser\u00e1n de gran ayuda en su proceso de aprendizaje de la lengua inglesa.<\/p>\n","protected":false},"featured_media":1472,"comment_status":"open","ping_status":"closed","template":"","meta":{"_eb_attr":"","jetpack_post_was_ever_published":false,"vkexunit_cta_each_option":"","jetpack_publicize_message":"","jetpack_publicize_feature_enabled":true,"jetpack_social_post_already_shared":false,"jetpack_social_options":{"image_generator_settings":{"template":"highway","default_image_id":0,"font":"","enabled":false},"version":2}},"product_brand":[],"product_cat":[46],"product_tag":[49],"class_list":{"0":"post-339","1":"product","2":"type-product","3":"status-publish","4":"has-post-thumbnail","6":"product_cat-cursos","7":"product_tag-cursos","9":"first","10":"instock","11":"sold-individually","12":"shipping-taxable","13":"purchasable","14":"product-type-simple"},"aioseo_notices":[],"jetpack_publicize_connections":[],"jetpack-related-posts":[{"id":337,"url":"https:\/\/nixonsaavedraescritor.com\/?product=programa-de-ingles-b1-b2","url_meta":{"origin":339,"position":0},"title":"\u00a1Programa de Ingl\u00e9s! Garantizado B1\/B2","author":"Escritor Colombiano","date":"junio 10, 2022","format":false,"excerpt":"Aprenda ingles desde la comodidad de su casa en 6 meses, metodolog\u00eda experiencial din\u00e1mica, practica y nada aburrida. Sin carga de tareas ni m\u00e9todos convencionales. 100% conversacional, 100% pr\u00e1ctico y 100% efectivo. Amplia disponibilidad de horario. La primera clase es completamente gratis, si la metodolog\u00eda no se ajusta a sus\u2026","rel":"","context":"Entrada similar","block_context":{"text":"Entrada similar","link":""},"img":{"alt_text":"","src":"https:\/\/i0.wp.com\/nixonsaavedraescritor.com\/wp-content\/uploads\/2022\/06\/English-Program-1.png?resize=350%2C200&ssl=1","width":350,"height":200,"srcset":"https:\/\/i0.wp.com\/nixonsaavedraescritor.com\/wp-content\/uploads\/2022\/06\/English-Program-1.png?resize=350%2C200&ssl=1 1x, https:\/\/i0.wp.com\/nixonsaavedraescritor.com\/wp-content\/uploads\/2022\/06\/English-Program-1.png?resize=525%2C300&ssl=1 1.5x, https:\/\/i0.wp.com\/nixonsaavedraescritor.com\/wp-content\/uploads\/2022\/06\/English-Program-1.png?resize=700%2C400&ssl=1 2x, https:\/\/i0.wp.com\/nixonsaavedraescritor.com\/wp-content\/uploads\/2022\/06\/English-Program-1.png?resize=1050%2C600&ssl=1 3x"},"classes":[]},{"id":1469,"url":"https:\/\/nixonsaavedraescritor.com\/?product=curso-teorico-practico-de-ingles-a2-certificado","url_meta":{"origin":339,"position":1},"title":"Curso teorico-pr\u00e1ctico de ingl\u00e9s A2 CERTIFICADO","author":"Escritor Colombiano","date":"junio 17, 2024","format":false,"excerpt":"\u00a1Bienvenido al curso de nivelaci\u00f3n de ingl\u00e9s que impulsar\u00e1 tus habilidades y te preparar\u00e1 para nuevas oportunidades! Si ya tienes un nivel A2 y deseas mejorar tu ingl\u00e9s de manera r\u00e1pida y efectiva, este curso de 40 horas est\u00e1 dise\u00f1ado especialmente para ti. \u00a1Prep\u00e1rate para una experiencia de aprendizaje din\u00e1mica\u2026","rel":"","context":"Entrada similar","block_context":{"text":"Entrada similar","link":""},"img":{"alt_text":"","src":"https:\/\/i0.wp.com\/nixonsaavedraescritor.com\/wp-content\/uploads\/2024\/06\/Default_A_vibrant_illustration_of_a_young_adult_student_surrou_3.jpg?resize=350%2C200&ssl=1","width":350,"height":200,"srcset":"https:\/\/i0.wp.com\/nixonsaavedraescritor.com\/wp-content\/uploads\/2024\/06\/Default_A_vibrant_illustration_of_a_young_adult_student_surrou_3.jpg?resize=350%2C200&ssl=1 1x, https:\/\/i0.wp.com\/nixonsaavedraescritor.com\/wp-content\/uploads\/2024\/06\/Default_A_vibrant_illustration_of_a_young_adult_student_surrou_3.jpg?resize=525%2C300&ssl=1 1.5x, https:\/\/i0.wp.com\/nixonsaavedraescritor.com\/wp-content\/uploads\/2024\/06\/Default_A_vibrant_illustration_of_a_young_adult_student_surrou_3.jpg?resize=700%2C400&ssl=1 2x, https:\/\/i0.wp.com\/nixonsaavedraescritor.com\/wp-content\/uploads\/2024\/06\/Default_A_vibrant_illustration_of_a_young_adult_student_surrou_3.jpg?resize=1050%2C600&ssl=1 3x"},"classes":[]},{"id":1279,"url":"https:\/\/nixonsaavedraescritor.com\/?product=curso-ia-en-el-aula-certificable","url_meta":{"origin":339,"position":2},"title":"Curso IA en el aula (Certificable)","author":"Escritor Colombiano","date":"agosto 14, 2023","format":false,"excerpt":"\u00a1Bienvenido al curso que transformar\u00e1 la educaci\u00f3n y te convertir\u00e1 en un pionero de la ense\u00f1anza moderna! En solo 40 horas, aprender\u00e1s a implementar Inteligencia Artificial (IA) en las aulas, llevando tu pr\u00e1ctica docente al siguiente nivel. Este curso est\u00e1 dise\u00f1ado especialmente para docentes visionarios que quieren aprovechar el poder\u2026","rel":"","context":"Entrada similar","block_context":{"text":"Entrada similar","link":""},"img":{"alt_text":"","src":"https:\/\/i0.wp.com\/nixonsaavedraescritor.com\/wp-content\/uploads\/2023\/08\/IA-en-el-aula.png?resize=350%2C200&ssl=1","width":350,"height":200,"srcset":"https:\/\/i0.wp.com\/nixonsaavedraescritor.com\/wp-content\/uploads\/2023\/08\/IA-en-el-aula.png?resize=350%2C200&ssl=1 1x, https:\/\/i0.wp.com\/nixonsaavedraescritor.com\/wp-content\/uploads\/2023\/08\/IA-en-el-aula.png?resize=525%2C300&ssl=1 1.5x, https:\/\/i0.wp.com\/nixonsaavedraescritor.com\/wp-content\/uploads\/2023\/08\/IA-en-el-aula.png?resize=700%2C400&ssl=1 2x, https:\/\/i0.wp.com\/nixonsaavedraescritor.com\/wp-content\/uploads\/2023\/08\/IA-en-el-aula.png?resize=1050%2C600&ssl=1 3x"},"classes":[]},{"id":341,"url":"https:\/\/nixonsaavedraescritor.com\/?product=un-inmortal-en-la-tierra-de-la-sal-espanol-e-ingles","url_meta":{"origin":339,"position":3},"title":"Un inmortal en la tierra de la sal (Espa\u00f1ol e Ingl\u00e9s)","author":"Escritor Colombiano","date":"junio 10, 2022","format":false,"excerpt":"Libro editado por Nigua Editores impreso en Bogot\u00e1 Colombia Papel opalina hueso (80 p\u00e1ginas) Idioma Espa\u00f1ol e Ingl\u00e9s en la misma edici\u00f3n Env\u00edos a todo el pa\u00eds Separador incluido Env\u00edo gr\u00e1tis","rel":"","context":"Entrada similar","block_context":{"text":"Entrada similar","link":""},"img":{"alt_text":"","src":"https:\/\/i0.wp.com\/nixonsaavedraescritor.com\/wp-content\/uploads\/2022\/06\/1635967740.png?resize=350%2C200&ssl=1","width":350,"height":200,"srcset":"https:\/\/i0.wp.com\/nixonsaavedraescritor.com\/wp-content\/uploads\/2022\/06\/1635967740.png?resize=350%2C200&ssl=1 1x, https:\/\/i0.wp.com\/nixonsaavedraescritor.com\/wp-content\/uploads\/2022\/06\/1635967740.png?resize=525%2C300&ssl=1 1.5x, https:\/\/i0.wp.com\/nixonsaavedraescritor.com\/wp-content\/uploads\/2022\/06\/1635967740.png?resize=700%2C400&ssl=1 2x, https:\/\/i0.wp.com\/nixonsaavedraescritor.com\/wp-content\/uploads\/2022\/06\/1635967740.png?resize=1050%2C600&ssl=1 3x, https:\/\/i0.wp.com\/nixonsaavedraescritor.com\/wp-content\/uploads\/2022\/06\/1635967740.png?resize=1400%2C800&ssl=1 4x"},"classes":[]},{"id":1464,"url":"https:\/\/nixonsaavedraescritor.com\/?product=mask","url_meta":{"origin":339,"position":4},"title":"Mask","author":"Escritor Colombiano","date":"junio 11, 2024","format":false,"excerpt":"How would you act if those you love discovered your most shameless secrets? How can you see their faces after failing them so much? Luisa will understand the hard way that; Playing with fire not only burns but consumes everything that has been fought for. Discover the price of lies\u2026","rel":"","context":"Entrada similar","block_context":{"text":"Entrada similar","link":""},"img":{"alt_text":"","src":"https:\/\/i0.wp.com\/nixonsaavedraescritor.com\/wp-content\/uploads\/2024\/06\/smartmockups_lx66qdmc-removebg-preview.png?resize=350%2C200&ssl=1","width":350,"height":200,"srcset":"https:\/\/i0.wp.com\/nixonsaavedraescritor.com\/wp-content\/uploads\/2024\/06\/smartmockups_lx66qdmc-removebg-preview.png?resize=350%2C200&ssl=1 1x, https:\/\/i0.wp.com\/nixonsaavedraescritor.com\/wp-content\/uploads\/2024\/06\/smartmockups_lx66qdmc-removebg-preview.png?resize=525%2C300&ssl=1 1.5x"},"classes":[]}],"jetpack_sharing_enabled":true,"jetpack_likes_enabled":true,"_links":{"self":[{"href":"https:\/\/nixonsaavedraescritor.com\/index.php?rest_route=\/wp\/v2\/product\/339","targetHints":{"allow":["GET"]}}],"collection":[{"href":"https:\/\/nixonsaavedraescritor.com\/index.php?rest_route=\/wp\/v2\/product"}],"about":[{"href":"https:\/\/nixonsaavedraescritor.com\/index.php?rest_route=\/wp\/v2\/types\/product"}],"replies":[{"embeddable":true,"href":"https:\/\/nixonsaavedraescritor.com\/index.php?rest_route=%2Fwp%2Fv2%2Fcomments&post=339"}],"wp:featuredmedia":[{"embeddable":true,"href":"https:\/\/nixonsaavedraescritor.com\/index.php?rest_route=\/wp\/v2\/media\/1472"}],"wp:attachment":[{"href":"https:\/\/nixonsaavedraescritor.com\/index.php?rest_route=%2Fwp%2Fv2%2Fmedia&parent=339"}],"wp:term":[{"taxonomy":"product_brand","embeddable":true,"href":"https:\/\/nixonsaavedraescritor.com\/index.php?rest_route=%2Fwp%2Fv2%2Fproduct_brand&post=339"},{"taxonomy":"product_cat","embeddable":true,"href":"https:\/\/nixonsaavedraescritor.com\/index.php?rest_route=%2Fwp%2Fv2%2Fproduct_cat&post=339"},{"taxonomy":"product_tag","embeddable":true,"href":"https:\/\/nixonsaavedraescritor.com\/index.php?rest_route=%2Fwp%2Fv2%2Fproduct_tag&post=339"}],"curies":[{"name":"wp","href":"https:\/\/api.w.org\/{rel}","templated":true}]}}